{"id":1038,"date":"2018-04-19T16:45:47","date_gmt":"2018-04-19T20:45:47","guid":{"rendered":"http:\/\/sanjosedepoalo.gob.ec\/cotopaxi\/?page_id=1038"},"modified":"2018-04-20T11:01:28","modified_gmt":"2018-04-20T15:01:28","slug":"gestion","status":"publish","type":"page","link":"https:\/\/sanjosedepoalo.gob.ec\/cotopaxi\/gestion\/","title":{"rendered":"Gesti\u00f3n"},"content":{"rendered":"<p>El Gad Parroquial San Jose de Poalo recibi\u00f3 la donaci\u00f3n de un terreno por parte Ministerio de Educacion a traves de Inmobiliar valorado en $124.223,35 dolares, enfocado a proyectos productivos,<\/p>\n<p><a href=\"http:\/\/sanjosedepoalo.gob.ec\/cotopaxi\/wp-content\/uploads\/2018\/04\/ESCRITURA862.pdf\">RESOLUCION DEL MINISTERIO DE EDUCACION<\/a><\/p>\n<p><img loading=\"lazy\" decoding=\"async\" class=\"alignnone size-medium wp-image-1041\" src=\"http:\/\/sanjosedepoalo.gob.ec\/cotopaxi\/wp-content\/uploads\/2018\/04\/ESCRITURA861-514x800.jpg\" alt=\"\" width=\"514\" height=\"800\" srcset=\"https:\/\/sanjosedepoalo.gob.ec\/cotopaxi\/wp-content\/uploads\/2018\/04\/ESCRITURA861-514x800.jpg 514w, https:\/\/sanjosedepoalo.gob.ec\/cotopaxi\/wp-content\/uploads\/2018\/04\/ESCRITURA861-768x1195.jpg 768w, https:\/\/sanjosedepoalo.gob.ec\/cotopaxi\/wp-content\/uploads\/2018\/04\/ESCRITURA861.jpg 658w\" sizes=\"auto, (max-width: 514px) 100vw, 514px\" \/><\/p>\n","protected":false},"excerpt":{"rendered":"<p>El Gad Parroquial San Jose de Poalo recibi\u00f3 la donaci\u00f3n de un terreno por parte Ministerio de Educacion a traves de Inmobiliar valorado en $124.223,35 dolares, enfocado a proyectos productivos, RESOLUCION DEL MINISTERIO DE EDUCACION<\/p>\n","protected":false},"author":2,"featured_media":0,"parent":0,"menu_order":0,"comment_status":"closed","ping_status":"closed","template":"","meta":{"footnotes":""},"yst_prominent_words":[],"class_list":["post-1038","page","type-page","status-publish","hentry"],"_links":{"self":[{"href":"https:\/\/sanjosedepoalo.gob.ec\/cotopaxi\/wp-json\/wp\/v2\/pages\/1038","targetHints":{"allow":["GET"]}}],"collection":[{"href":"https:\/\/sanjosedepoalo.gob.ec\/cotopaxi\/wp-json\/wp\/v2\/pages"}],"about":[{"href":"https:\/\/sanjosedepoalo.gob.ec\/cotopaxi\/wp-json\/wp\/v2\/types\/page"}],"author":[{"embeddable":true,"href":"https:\/\/sanjosedepoalo.gob.ec\/cotopaxi\/wp-json\/wp\/v2\/users\/2"}],"replies":[{"embeddable":true,"href":"https:\/\/sanjosedepoalo.gob.ec\/cotopaxi\/wp-json\/wp\/v2\/comments?post=1038"}],"version-history":[{"count":4,"href":"https:\/\/sanjosedepoalo.gob.ec\/cotopaxi\/wp-json\/wp\/v2\/pages\/1038\/revisions"}],"predecessor-version":[{"id":1045,"href":"https:\/\/sanjosedepoalo.gob.ec\/cotopaxi\/wp-json\/wp\/v2\/pages\/1038\/revisions\/1045"}],"wp:attachment":[{"href":"https:\/\/sanjosedepoalo.gob.ec\/cotopaxi\/wp-json\/wp\/v2\/media?parent=1038"}],"wp:term":[{"taxonomy":"yst_prominent_words","embeddable":true,"href":"https:\/\/sanjosedepoalo.gob.ec\/cotopaxi\/wp-json\/wp\/v2\/yst_prominent_words?post=1038"}],"curies":[{"name":"wp","href":"https:\/\/api.w.org\/{rel}","templated":true}]}}