{"id":1395,"date":"2020-03-24T11:33:15","date_gmt":"2020-03-24T15:33:15","guid":{"rendered":"http:\/\/sanjosedepoalo.gob.ec\/cotopaxi\/?page_id=1395"},"modified":"2025-05-28T11:03:44","modified_gmt":"2025-05-28T15:03:44","slug":"pagina-oficial-del-gad-parroquial-de-san-jose-de-poalo","status":"publish","type":"page","link":"https:\/\/sanjosedepoalo.gob.ec\/cotopaxi\/","title":{"rendered":"P\u00e1gina Oficial del GAD Parroquial de San Jos\u00e9 de Poal\u00f3"},"content":{"rendered":"[vc_row bg_type=\u00bbbg_color\u00bb bg_color_value=\u00bb#f7f7f7&#8243; css=\u00bb.vc_custom_1581547090144{padding-top: 0px !important;padding-bottom: 0px !important;}\u00bb][vc_column css=\u00bb.vc_custom_1529671385255{background-position: center !important;background-repeat: no-repeat !important;background-size: cover !important;}\u00bb]<div id=\"ultimate-heading-426169dfdaf616f88\" class=\"uvc-heading ult-adjust-bottom-margin ultimate-heading-426169dfdaf616f88 uvc-7833 accent-border-color\" data-hspacer=\"line_only\"  data-halign=\"center\" style=\"text-align:center\"><div class=\"uvc-main-heading ult-responsive\"  data-ultimate-target='.uvc-heading.ultimate-heading-426169dfdaf616f88 h2'  data-responsive-json-new='{\"font-size\":\"desktop:26px;\",\"line-height\":\"desktop:36px;\"}' ><h2 style=\"font-weight:normal;margin-bottom:15px;\">PDyOT <\/h2><\/div><div class=\"uvc-heading-spacer line_only\" style=\"margin-bottom:60px;height:4px;\"><span class=\"uvc-headings-line\" style=\"border-style:solid;border-bottom-width:4px;border-color:#bf0200;width:100px;\"><\/span><\/div><\/div>[vc_row_inner][vc_column_inner][vc_column_text]<img loading=\"lazy\" decoding=\"async\" class=\"alignnone size-medium wp-image-3049 aligncenter\" src=\"https:\/\/sanjosedepoalo.gob.ec\/cotopaxi\/wp-content\/uploads\/2025\/05\/pdot-poalo-550x248.png\" alt=\"\" width=\"550\" height=\"248\" srcset=\"https:\/\/sanjosedepoalo.gob.ec\/cotopaxi\/wp-content\/uploads\/2025\/05\/pdot-poalo-550x248.png 550w, https:\/\/sanjosedepoalo.gob.ec\/cotopaxi\/wp-content\/uploads\/2025\/05\/pdot-poalo-768x347.png 768w, https:\/\/sanjosedepoalo.gob.ec\/cotopaxi\/wp-content\/uploads\/2025\/05\/pdot-poalo.png 910w\" sizes=\"auto, (max-width: 550px) 100vw, 550px\" \/><\/p>\n<p style=\"text-align: center;\"><a href=\"https:\/\/sanjosedepoalo.gob.ec\/cotopaxi\/wp-content\/uploads\/2025\/05\/PDOT-SAN-JOSE\u0301-DE-POALO\u0301.pdf\">PDOT SAN JOSE\u0301 DE POALO\u0301<\/a><\/p>\n[\/vc_column_text][\/vc_column_inner][\/vc_row_inner]<div id=\"ultimate-heading-673769dfdaf616fbb\" class=\"uvc-heading ult-adjust-bottom-margin ultimate-heading-673769dfdaf616fbb uvc-5837 accent-border-color\" data-hspacer=\"line_only\"  data-halign=\"center\" style=\"text-align:center\"><div class=\"uvc-main-heading ult-responsive\"  data-ultimate-target='.uvc-heading.ultimate-heading-673769dfdaf616fbb h2'  data-responsive-json-new='{\"font-size\":\"desktop:26px;\",\"line-height\":\"desktop:36px;\"}' ><h2 style=\"font-weight:normal;margin-bottom:15px;\">CONTRATACION DE PERSONAL<\/h2><\/div><div class=\"uvc-heading-spacer line_only\" style=\"margin-bottom:60px;height:4px;\"><span class=\"uvc-headings-line\" style=\"border-style:solid;border-bottom-width:4px;border-color:#bf0200;width:100px;\"><\/span><\/div><\/div>[vc_row_inner][vc_column_inner][vc_column_text]<img loading=\"lazy\" decoding=\"async\" class=\"size-medium wp-image-3045 aligncenter\" src=\"https:\/\/sanjosedepoalo.gob.ec\/cotopaxi\/wp-content\/uploads\/2025\/03\/WhatsApp-Image-2025-03-17-at-08.48.13-550x778.jpeg\" alt=\"\" width=\"550\" height=\"778\" srcset=\"https:\/\/sanjosedepoalo.gob.ec\/cotopaxi\/wp-content\/uploads\/2025\/03\/WhatsApp-Image-2025-03-17-at-08.48.13-550x778.jpeg 550w, https:\/\/sanjosedepoalo.gob.ec\/cotopaxi\/wp-content\/uploads\/2025\/03\/WhatsApp-Image-2025-03-17-at-08.48.13-724x1024.jpeg 724w, https:\/\/sanjosedepoalo.gob.ec\/cotopaxi\/wp-content\/uploads\/2025\/03\/WhatsApp-Image-2025-03-17-at-08.48.13-768x1086.jpeg 768w, https:\/\/sanjosedepoalo.gob.ec\/cotopaxi\/wp-content\/uploads\/2025\/03\/WhatsApp-Image-2025-03-17-at-08.48.13-1086x1536.jpeg 1086w, https:\/\/sanjosedepoalo.gob.ec\/cotopaxi\/wp-content\/uploads\/2025\/03\/WhatsApp-Image-2025-03-17-at-08.48.13.jpeg 1131w\" sizes=\"auto, (max-width: 550px) 100vw, 550px\" \/>[\/vc_column_text][\/vc_column_inner][\/vc_row_inner]<div id=\"ultimate-heading-921669dfdaf616fe5\" class=\"uvc-heading ult-adjust-bottom-margin ultimate-heading-921669dfdaf616fe5 uvc-8026 accent-border-color\" data-hspacer=\"line_only\"  data-halign=\"center\" style=\"text-align:center\"><div class=\"uvc-main-heading ult-responsive\"  data-ultimate-target='.uvc-heading.ultimate-heading-921669dfdaf616fe5 h2'  data-responsive-json-new='{\"font-size\":\"desktop:26px;\",\"line-height\":\"desktop:36px;\"}' ><h2 style=\"font-weight:normal;margin-bottom:15px;\">DELIBERACI\u00d3N PUBLICA VIRTUAL<\/h2><\/div><div class=\"uvc-heading-spacer line_only\" style=\"margin-bottom:60px;height:4px;\"><span class=\"uvc-headings-line\" style=\"border-style:solid;border-bottom-width:4px;border-color:#bf0200;width:100px;\"><\/span><\/div><\/div>[vc_row_inner][vc_column_inner][vc_column_text]<img loading=\"lazy\" decoding=\"async\" class=\"size-medium wp-image-2534 aligncenter\" src=\"https:\/\/sanjosedepoalo.gob.ec\/cotopaxi\/wp-content\/uploads\/2023\/01\/Captura-550x478.png\" alt=\"\" width=\"550\" height=\"478\" srcset=\"https:\/\/sanjosedepoalo.gob.ec\/cotopaxi\/wp-content\/uploads\/2023\/01\/Captura-550x478.png 550w, https:\/\/sanjosedepoalo.gob.ec\/cotopaxi\/wp-content\/uploads\/2023\/01\/Captura.png 633w\" sizes=\"auto, (max-width: 550px) 100vw, 550px\" \/><\/p>\n<p style=\"text-align: center;\"><a href=\"https:\/\/sanjosedepoalo.gob.ec\/cotopaxi\/wp-content\/uploads\/2023\/01\/COT-P-005-1.pdf\">COT-P-005<\/a><\/p>\n[\/vc_column_text][\/vc_column_inner][\/vc_row_inner][vc_row_inner][vc_column_inner]<div id=\"ultimate-heading-740969dfdaf617000\" class=\"uvc-heading ult-adjust-bottom-margin ultimate-heading-740969dfdaf617000 uvc-5882 accent-border-color\" data-hspacer=\"line_only\"  data-halign=\"center\" style=\"text-align:center\"><div class=\"uvc-main-heading ult-responsive\"  data-ultimate-target='.uvc-heading.ultimate-heading-740969dfdaf617000 h2'  data-responsive-json-new='{\"font-size\":\"desktop:26px;\",\"line-height\":\"desktop:36px;\"}' ><h2 style=\"font-weight:normal;margin-bottom:15px;\">EN LINEA<\/h2><\/div><div class=\"uvc-heading-spacer line_only\" style=\"margin-bottom:60px;height:4px;\"><span class=\"uvc-headings-line\" style=\"border-style:solid;border-bottom-width:4px;border-color:#bf0200;width:100px;\"><\/span><\/div><\/div>[\/vc_column_inner][\/vc_row_inner][vc_row_inner][vc_column_inner width=\u00bb1\/3&#8243;]<div class=\"ult-just-icon-wrapper  \"><div class=\"align-icon\" style=\"text-align:center;\">\n<div class=\"aio-icon none \" data-animation=\"swing\" data-animation-delay=\"03\" style=\"color:#ea841e;font-size:80px;display:inline-block;\">\n\t<i class=\"Defaults-bar-chart bar-chart-o\"><\/i>\n<\/div><\/div><\/div><div id=\"ultimate-heading-194769dfdaf617146\" class=\"uvc-heading ult-adjust-bottom-margin ultimate-heading-194769dfdaf617146 uvc-5963 \" data-hspacer=\"no_spacer\"  data-halign=\"center\" style=\"text-align:center\"><div class=\"uvc-heading-spacer no_spacer\" style=\"top\"><\/div><div class=\"uvc-main-heading ult-responsive\"  data-ultimate-target='.uvc-heading.ultimate-heading-194769dfdaf617146 h2'  data-responsive-json-new='{\"font-size\":\"desktop:26px;\",\"line-height\":\"desktop:36px;\"}' ><h2 style=\"font-weight:normal;margin-bottom:5px;\">Rendici\u00f3n de Cuentas<\/h2><\/div><div class=\"uvc-sub-heading ult-responsive\"  data-ultimate-target='.uvc-heading.ultimate-heading-194769dfdaf617146 .uvc-sub-heading '  data-responsive-json-new='{\"font-size\":\"\",\"line-height\":\"desktop:28px;\"}'  style=\"font-weight:normal;margin-bottom:20px;\">Informe anual sobre los trabajos y gesti\u00f3n realizada.<\/div><\/div><div class=\" ubtn-ctn-center \"><button type=\"button\" id=\"ubtn-3920\"  class=\"ubtn ult-adjust-bottom-margin ult-responsive ubtn-normal ubtn-fade-bg  ulta-float  ubtn-center   tooltip-69dfdaf617167\"  data-hover=\"\" data-border-color=\"\" data-bg=\"#e0e0e0\" data-hover-bg=\"\" data-border-hover=\"\" data-shadow-hover=\"\" data-shadow-click=\"none\" data-shadow=\"\" data-shd-shadow=\"\"  data-ultimate-target='#ubtn-3920'  data-responsive-json-new='{\"font-size\":\"\",\"line-height\":\"\"}'  style=\"font-weight:normal;border:none;background: #e0e0e0;color: #000000;\"><span class=\"ubtn-hover\" style=\"background-color:\"><\/span><span class=\"ubtn-data ubtn-text \" >Descargar<\/span><\/button><\/div>[\/vc_column_inner][vc_column_inner width=\u00bb1\/3&#8243;]<div class=\"ult-just-icon-wrapper  \"><div class=\"align-icon\" style=\"text-align:center;\">\n<div class=\"aio-icon none \" data-animation=\"swing\" data-animation-delay=\"03\" style=\"color:#ea841e;font-size:80px;display:inline-block;\">\n\t<i class=\"Defaults-book\"><\/i>\n<\/div><\/div><\/div><div id=\"ultimate-heading-331269dfdaf6171a4\" class=\"uvc-heading ult-adjust-bottom-margin ultimate-heading-331269dfdaf6171a4 uvc-1387 \" data-hspacer=\"no_spacer\"  data-halign=\"center\" style=\"text-align:center\"><div class=\"uvc-heading-spacer no_spacer\" style=\"top\"><\/div><div class=\"uvc-main-heading ult-responsive\"  data-ultimate-target='.uvc-heading.ultimate-heading-331269dfdaf6171a4 h2'  data-responsive-json-new='{\"font-size\":\"desktop:26px;\",\"line-height\":\"desktop:36px;\"}' ><h2 style=\"font-weight:normal;margin-bottom:5px;\">PDOT<\/h2><\/div><div class=\"uvc-sub-heading ult-responsive\"  data-ultimate-target='.uvc-heading.ultimate-heading-331269dfdaf6171a4 .uvc-sub-heading '  data-responsive-json-new='{\"font-size\":\"\",\"line-height\":\"desktop:28px;\"}'  style=\"font-weight:normal;margin-bottom:20px;\">Descargar el documento del Plan de ordenamiento Territorial.<\/div><\/div><div class=\" ubtn-ctn-center \"><a class=\"ubtn-link ult-adjust-bottom-margin ubtn-center ubtn-normal \" href=\"https:\/\/sanjosedepoalo.gob.ec\/cotopaxi\/wp-content\/uploads\/2025\/05\/PDOT-SAN-JOSE\u0301-DE-POALO\u0301.pdf\" target=\"_blank\" rel=\"noopener\" ><button type=\"button\" id=\"ubtn-4200\"  class=\"ubtn ult-adjust-bottom-margin ult-responsive ubtn-normal ubtn-fade-bg  ulta-float  ubtn-center   tooltip-69dfdaf6171be\"  data-hover=\"\" data-border-color=\"\" data-bg=\"#e0e0e0\" data-hover-bg=\"\" data-border-hover=\"\" data-shadow-hover=\"\" data-shadow-click=\"none\" data-shadow=\"\" data-shd-shadow=\"\"  data-ultimate-target='#ubtn-4200'  data-responsive-json-new='{\"font-size\":\"\",\"line-height\":\"\"}'  style=\"font-weight:normal;border:none;background: #e0e0e0;color: #000000;\"><span class=\"ubtn-hover\" style=\"background-color:\"><\/span><span class=\"ubtn-data ubtn-text \" >Descargar<\/span><\/button><\/a><\/div>[\/vc_column_inner][vc_column_inner width=\u00bb1\/3&#8243;]<div class=\"ult-just-icon-wrapper  \"><div class=\"align-icon\" style=\"text-align:center;\">\n<div class=\"aio-icon none \" data-animation=\"swing\" data-animation-delay=\"03\" style=\"color:#ea841e;font-size:80px;display:inline-block;\">\n\t<i class=\"Defaults-camera-retro\"><\/i>\n<\/div><\/div><\/div><div id=\"ultimate-heading-884669dfdaf6171ff\" class=\"uvc-heading ult-adjust-bottom-margin ultimate-heading-884669dfdaf6171ff uvc-8560 \" data-hspacer=\"no_spacer\"  data-halign=\"center\" style=\"text-align:center\"><div class=\"uvc-heading-spacer no_spacer\" style=\"top\"><\/div><div class=\"uvc-main-heading ult-responsive\"  data-ultimate-target='.uvc-heading.ultimate-heading-884669dfdaf6171ff h2'  data-responsive-json-new='{\"font-size\":\"desktop:26px;\",\"line-height\":\"desktop:36px;\"}' ><h2 style=\"font-weight:normal;margin-bottom:5px;\">Turismo<\/h2><\/div><div class=\"uvc-sub-heading ult-responsive\"  data-ultimate-target='.uvc-heading.ultimate-heading-884669dfdaf6171ff .uvc-sub-heading '  data-responsive-json-new='{\"font-size\":\"\",\"line-height\":\"desktop:28px;\"}'  style=\"font-weight:normal;margin-bottom:20px;\">Conoce sobre los atractivos tur\u00edsticos de nuestra parroquia.<\/div><\/div><div class=\" ubtn-ctn-center \"><button type=\"button\" id=\"ubtn-8395\"  class=\"ubtn ult-adjust-bottom-margin ult-responsive ubtn-normal ubtn-fade-bg  ulta-float  ubtn-center   tooltip-69dfdaf617217\"  data-hover=\"\" data-border-color=\"\" data-bg=\"#e0e0e0\" data-hover-bg=\"\" data-border-hover=\"\" data-shadow-hover=\"\" data-shadow-click=\"none\" data-shadow=\"\" data-shd-shadow=\"\"  data-ultimate-target='#ubtn-8395'  data-responsive-json-new='{\"font-size\":\"\",\"line-height\":\"\"}'  style=\"font-weight:normal;border:none;background: #e0e0e0;color: #000000;\"><span class=\"ubtn-hover\" style=\"background-color:\"><\/span><span class=\"ubtn-data ubtn-text \" >Ir a Turismo<\/span><\/button><\/div>[\/vc_column_inner][\/vc_row_inner][vc_column_inner][\/vc_column_inner][\/vc_column][\/vc_row][vc_row bg_type=\u00bbimage\u00bb parallax_style=\u00bbvcpb-vz-jquery\u00bb bg_image_new=\u00bbid^1405|url^https:\/\/sanjosedepoalo.gob.ec\/cotopaxi\/wp-content\/uploads\/2020\/03\/77230688_3050910031604278_8683569874099765248_o-e1595613971293.jpg|caption^null|alt^null|title^77230688_3050910031604278_8683569874099765248_o|description^null\u00bb bg_image_repeat=\u00bbno-repeat\u00bb enable_overlay=\u00bbenable_overlay_value\u00bb overlay_color=\u00bbrgba(0,0,0,0.2)\u00bb css=\u00bb.vc_custom_1595614030415{padding-top: 80px !important;padding-bottom: 80px !important;}\u00bb][vc_column]<div id=\"ultimate-heading-362969dfdaf617238\" class=\"uvc-heading ult-adjust-bottom-margin ultimate-heading-362969dfdaf617238 uvc-3099 accent-border-color\" data-hspacer=\"line_only\"  data-halign=\"center\" style=\"text-align:center\"><div class=\"uvc-main-heading ult-responsive\"  data-ultimate-target='.uvc-heading.ultimate-heading-362969dfdaf617238 h2'  data-responsive-json-new='{\"font-size\":\"desktop:40px;\",\"line-height\":\"desktop:50px;\"}' ><h2 style=\"font-weight:normal;color:#ffffff;margin-bottom:15px;\">Turismo en San Jos\u00e9 de Poal\u00f3<\/h2><\/div><div class=\"uvc-heading-spacer line_only\" style=\"margin-bottom:60px;height:4px;\"><span class=\"uvc-headings-line\" style=\"border-style:solid;border-bottom-width:4px;border-color:#bf0200;width:100px;\"><\/span><\/div><\/div><div class=\" ubtn-ctn-center \"><a class=\"ubtn-link ult-adjust-bottom-margin ubtn-center ubtn-normal \" href=\"http:\/\/\" ><button type=\"button\" id=\"ubtn-8449\"  class=\"ubtn ult-adjust-bottom-margin ult-responsive ubtn-normal ubtn-fade-bg  ulta-pulse-grow  ubtn-center   tooltip-69dfdaf61724f\"  data-hover=\"\" data-border-color=\"#dd9933\" data-bg=\"#e0e0e0\" data-hover-bg=\"\" data-border-hover=\"\" data-shadow-hover=\"\" data-shadow-click=\"none\" data-shadow=\"\" data-shd-shadow=\"\"  data-ultimate-target='#ubtn-8449'  data-responsive-json-new='{\"font-size\":\"\",\"line-height\":\"\"}'  style=\"font-weight:normal;border-radius:3px;border-width:1px;border-color:#dd9933;border-style:solid;background: #e0e0e0;color: #000000;\"><span class=\"ubtn-hover\" style=\"background-color:\"><\/span><span class=\"ubtn-data ubtn-text \" >Ir a Turismo<\/span><\/button><\/a><\/div>[\/vc_column][\/vc_row][vc_row][vc_column]<div id=\"ultimate-heading-536069dfdaf617277\" class=\"uvc-heading ult-adjust-bottom-margin ultimate-heading-536069dfdaf617277 uvc-1936 accent-border-color\" data-hspacer=\"line_only\"  data-halign=\"center\" style=\"text-align:center\"><div class=\"uvc-main-heading ult-responsive\"  data-ultimate-target='.uvc-heading.ultimate-heading-536069dfdaf617277 h2'  data-responsive-json-new='{\"font-size\":\"desktop:26px;\",\"line-height\":\"desktop:36px;\"}' ><h2 style=\"font-weight:normal;margin-bottom:15px;\">Mensaje del Se\u00f1or Presidente<\/h2><\/div><div class=\"uvc-heading-spacer line_only\" style=\"margin-bottom:60px;height:4px;\"><span class=\"uvc-headings-line\" style=\"border-style:solid;border-bottom-width:4px;border-color:#bf0200;width:100px;\"><\/span><\/div><\/div>[vc_row_inner][vc_column_inner width=\u00bb1\/2&#8243;][vc_single_image image=\u00bb2856&#8243; img_size=\u00bb300&#215;300&#8243; alignment=\u00bbcenter\u00bb css_animation=\u00bbfadeInLeft\u00bb]<div id=\"ultimate-heading-655169dfdaf61728b\" class=\"uvc-heading ult-adjust-bottom-margin ultimate-heading-655169dfdaf61728b uvc-9707 \" data-hspacer=\"no_spacer\"  data-halign=\"center\" style=\"text-align:center\"><div class=\"uvc-heading-spacer no_spacer\" style=\"top\"><\/div><div class=\"uvc-main-heading ult-responsive\"  data-ultimate-target='.uvc-heading.ultimate-heading-655169dfdaf61728b h2'  data-responsive-json-new='{\"font-size\":\"desktop:26px;\",\"line-height\":\"desktop:36px;\"}' ><h2 style=\"font-weight:normal;margin-bottom:5px;\">Lcdo. Jos\u00e9 Rafael Unaucho Choloquinga<\/h2><\/div><div class=\"uvc-sub-heading ult-responsive\"  data-ultimate-target='.uvc-heading.ultimate-heading-655169dfdaf61728b .uvc-sub-heading '  data-responsive-json-new='{\"font-size\":\"\",\"line-height\":\"desktop:28px;\"}'  style=\"font-weight:normal;margin-bottom:20px;\">\n<p style=\"text-align: center;\">\u00a0PRESIDENTE DEL GAD PARROQUIAL SAN JOS\u00c9 DE POAL\u00d3<\/p>\n<\/div><\/div>[\/vc_column_inner][vc_column_inner width=\u00bb1\/2&#8243;][vc_empty_space height=\u00bb42px\u00bb][vc_column_text]\n<div><\/div>\n<div><\/div>\n<div><\/div>\n<blockquote>\n<h4>Un saludo fraterno a todo mi pueblo de la Parroquia San Jos\u00e9 de Poal\u00f3<\/h4>\n<p>PLAN DE DESARROLLO DE ORDENAMIENTO TERRITORIAL 2023 &#8211; 2027<\/p><\/blockquote>\n<p><a href=\"https:\/\/sanjosedepoalo.gob.ec\/cotopaxi\/wp-content\/uploads\/2025\/01\/PDOT-APROBADO-PLANIFICA-1-1.pdf\">PDOT &#8211; APROBADO &#8211; PLANIFICA (1) (1)<\/a><\/p>\n<blockquote>\n<h4><\/h4>\n<\/blockquote>\n[\/vc_column_text][\/vc_column_inner][\/vc_row_inner][\/vc_column][\/vc_row]\n","protected":false},"excerpt":{"rendered":"<p>[vc_row bg_type=\u00bbbg_color\u00bb bg_color_value=\u00bb#f7f7f7&#8243; css=\u00bb.vc_custom_1581547090144{padding-top: 0px !important;padding-bottom: 0px !important;}\u00bb][vc_column css=\u00bb.vc_custom_1529671385255{background-position: center !important;background-repeat: no-repeat !important;background-size: cover !important;}\u00bb][vc_row_inner][vc_column_inner][vc_column_text] PDOT SAN JOSE\u0301 DE POALO\u0301 [\/vc_column_text][\/vc_column_inner][\/vc_row_inner][vc_row_inner][vc_column_inner][vc_column_text][\/vc_column_text][\/vc_column_inner][\/vc_row_inner][vc_row_inner][vc_column_inner][vc_column_text] COT-P-005 [\/vc_column_text][\/vc_column_inner][\/vc_row_inner][vc_row_inner][vc_column_inner][\/vc_column_inner][\/vc_row_inner][vc_row_inner][vc_column_inner width=\u00bb1\/3&#8243;][\/vc_column_inner][vc_column_inner width=\u00bb1\/3&#8243;][\/vc_column_inner][vc_column_inner width=\u00bb1\/3&#8243;][\/vc_column_inner][\/vc_row_inner][vc_column_inner][\/vc_column_inner][\/vc_column][\/vc_row][vc_row bg_type=\u00bbimage\u00bb parallax_style=\u00bbvcpb-vz-jquery\u00bb bg_image_new=\u00bbid^1405|url^https:\/\/sanjosedepoalo.gob.ec\/cotopaxi\/wp-content\/uploads\/2020\/03\/77230688_3050910031604278_8683569874099765248_o-e1595613971293.jpg|caption^null|alt^null|title^77230688_3050910031604278_8683569874099765248_o|description^null\u00bb bg_image_repeat=\u00bbno-repeat\u00bb enable_overlay=\u00bbenable_overlay_value\u00bb overlay_color=\u00bbrgba(0,0,0,0.2)\u00bb css=\u00bb.vc_custom_1595614030415{padding-top: 80px !important;padding-bottom: 80px !important;}\u00bb][vc_column][\/vc_column][\/vc_row][vc_row][vc_column][vc_row_inner][vc_column_inner width=\u00bb1\/2&#8243;][vc_single_image image=\u00bb2856&#8243; img_size=\u00bb300&#215;300&#8243; alignment=\u00bbcenter\u00bb css_animation=\u00bbfadeInLeft\u00bb][\/vc_column_inner][vc_column_inner width=\u00bb1\/2&#8243;][vc_empty_space height=\u00bb42px\u00bb][vc_column_text] Un saludo fraterno a todo mi pueblo de la Parroquia San [&hellip;]<\/p>\n","protected":false},"author":2,"featured_media":0,"parent":0,"menu_order":0,"comment_status":"closed","ping_status":"closed","template":"","meta":{"footnotes":""},"yst_prominent_words":[39,36,45,42,152,46,38,44,43,41,37],"class_list":["post-1395","page","type-page","status-publish","hentry"],"_links":{"self":[{"href":"https:\/\/sanjosedepoalo.gob.ec\/cotopaxi\/wp-json\/wp\/v2\/pages\/1395","targetHints":{"allow":["GET"]}}],"collection":[{"href":"https:\/\/sanjosedepoalo.gob.ec\/cotopaxi\/wp-json\/wp\/v2\/pages"}],"about":[{"href":"https:\/\/sanjosedepoalo.gob.ec\/cotopaxi\/wp-json\/wp\/v2\/types\/page"}],"author":[{"embeddable":true,"href":"https:\/\/sanjosedepoalo.gob.ec\/cotopaxi\/wp-json\/wp\/v2\/users\/2"}],"replies":[{"embeddable":true,"href":"https:\/\/sanjosedepoalo.gob.ec\/cotopaxi\/wp-json\/wp\/v2\/comments?post=1395"}],"version-history":[{"count":25,"href":"https:\/\/sanjosedepoalo.gob.ec\/cotopaxi\/wp-json\/wp\/v2\/pages\/1395\/revisions"}],"predecessor-version":[{"id":3050,"href":"https:\/\/sanjosedepoalo.gob.ec\/cotopaxi\/wp-json\/wp\/v2\/pages\/1395\/revisions\/3050"}],"wp:attachment":[{"href":"https:\/\/sanjosedepoalo.gob.ec\/cotopaxi\/wp-json\/wp\/v2\/media?parent=1395"}],"wp:term":[{"taxonomy":"yst_prominent_words","embeddable":true,"href":"https:\/\/sanjosedepoalo.gob.ec\/cotopaxi\/wp-json\/wp\/v2\/yst_prominent_words?post=1395"}],"curies":[{"name":"wp","href":"https:\/\/api.w.org\/{rel}","templated":true}]}}