{"id":54,"date":"2014-10-24T09:59:54","date_gmt":"2014-10-24T13:59:54","guid":{"rendered":"http:\/\/sanjosedepoalo.gob.ec\/cotopaxi\/?page_id=54"},"modified":"2014-11-09T17:00:41","modified_gmt":"2014-11-09T21:00:41","slug":"documentos-2009-2014","status":"publish","type":"page","link":"https:\/\/sanjosedepoalo.gob.ec\/cotopaxi\/documentos-2009-2014\/","title":{"rendered":"Documentos 2009 &#8211; 2014"},"content":{"rendered":"<p style=\"text-align: justify;\"><strong>Art. 7.- Difusi\u00f3n de la Informaci\u00f3n P\u00fablica.-<\/strong><\/p>\n<p style=\"text-align: justify;\">Por la transparencia en la gesti\u00f3n administrativa que est\u00e1n obligadas a observar todas las instituciones del Estado que conforman el sector p\u00fablico en los t\u00e9rminos del art\u00edculo 118 de la Constituci\u00f3n Pol\u00edtica de la Rep\u00fablica y dem\u00e1s entes se\u00f1alados en el art\u00edculo 1 de la presente Ley, difundir\u00e1n a trav\u00e9s de un portal de informaci\u00f3n o p\u00e1gina web, as\u00ed como de los medios necesarios a disposici\u00f3n del p\u00fablico, implementados en la misma instituci\u00f3n, la siguiente informaci\u00f3n m\u00ednima actualizada, que para efectos de esta Ley se la considera de naturaleza obligatoria:<\/p>\n<p style=\"text-align: justify;\"><strong>FORMATOS LOTAIP<\/strong><\/p>\n<p style=\"text-align: justify;\"><strong>a) Organizaci\u00f3n Interna<\/strong><br \/>\nEstructura Org\u00e1nica Funcional.<br \/>\nBase legal que la rige, regulaciones y procedimientos internos aplicables a la entidad.<br \/>\nMetas y Objetivos de las unidades administrativas de conformidad con sus programas operativos.<\/p>\n<p style=\"text-align: justify;\"><a href=\"http:\/\/sanjosedepoalo.gob.ec\/cotopaxi\/wp-content\/uploads\/2014\/10\/BASE-LEGAL.docx\">BASE LEGAL<\/a>\u00a0 \u00a0 \u00a0<a href=\"http:\/\/sanjosedepoalo.gob.ec\/cotopaxi\/wp-content\/uploads\/2014\/10\/Datos-de-la-Entidad-Publica.docx\">Datos de la Entidad Publica<\/a><\/p>\n<p style=\"text-align: justify;\"><strong>b) Directorio<\/strong><br \/>\nDirectorio completo de la instituci\u00f3n; as\u00ed como su distributivo de personal.<\/p>\n<p style=\"text-align: justify;\"><a href=\"http:\/\/sanjosedepoalo.gob.ec\/cotopaxi\/wp-content\/uploads\/2014\/10\/Directorio-completo-de-la-institucion.docx\">Directorio completo de la institucion<\/a>\u00a0 \u00a0 \u00a0\u00a0<a href=\"http:\/\/sanjosedepoalo.gob.ec\/cotopaxi\/wp-content\/uploads\/2014\/10\/DIRECTORIO.docx\">DIRECTORIO<\/a><\/p>\n<p style=\"text-align: justify;\"><strong>c) Remuneraciones<\/strong><br \/>\nRemuneraci\u00f3n mensual por puesto y todo ingreso adicional incluso el sistema de compensaci\u00f3n, seg\u00fan lo establezcan las disposiciones correspondientes.<\/p>\n<p style=\"text-align: justify;\"><a href=\"http:\/\/sanjosedepoalo.gob.ec\/cotopaxi\/wp-content\/uploads\/2014\/10\/Remuneracion-Mensual-Vigente.docx\">Remuneracion Mensual Vigente<\/a><\/p>\n<p style=\"text-align: justify;\"><strong>d) Servicios<\/strong><br \/>\nServicios que ofrece y la forma de acceder a ellos, horarios de atenci\u00f3n y dem\u00e1s indicaciones necesarias.<\/p>\n<p style=\"text-align: justify;\"><strong>e) Contratos Colectivos<\/strong><br \/>\nTexto integro de todos los contratos colectivos vigentes en la instituci\u00f3n, as\u00ed como sus anexos y reformas.<\/p>\n<p style=\"text-align: justify;\"><strong>f) Formularios para Tr\u00e1mites<\/strong><br \/>\nSe publicar\u00e1n los formularios o formatos de solicitudes que se requieran para los tr\u00e1mites inherentes a su campo de acci\u00f3n.<\/p>\n<p style=\"text-align: justify;\"><strong>g) Presupuesto Anual<\/strong><br \/>\nInformaci\u00f3n total sobre el presupuesto anual que administra la instituci\u00f3n, especificando ingresos, gastos, financiamiento y resultados operativos de conformidad con los clasificadores presupuestales, as\u00ed como liquidaci\u00f3n del presupuesto, especificando destinatarios de la entrega de recursos p\u00fablicos.<\/p>\n<p style=\"text-align: justify;\"><a href=\"http:\/\/sanjosedepoalo.gob.ec\/cotopaxi\/wp-content\/uploads\/2014\/10\/BALANCECOMPROBACION_30062013122-Junio-2013.pdf\">BALANCECOMPROBACION Junio 2013<\/a>\u00a0 \u00a0 \u00a0<a href=\"http:\/\/sanjosedepoalo.gob.ec\/cotopaxi\/wp-content\/uploads\/2014\/10\/CEDULAPRESUPUESTARIAGASTO_2013.pdf\">CEDULAPRESUPUESTARIAGASTO_2013<\/a>\u00a0 \u00a0 \u00a0\u00a0<a href=\"http:\/\/sanjosedepoalo.gob.ec\/cotopaxi\/wp-content\/uploads\/2014\/10\/CEDULAPRESUPUESTARIAINGRESO-Junio-2013.pdf\">CEDULAPRESUPUESTARIAINGRESO Junio 2013<\/a>\u00a0 \u00a0 \u00a0\u00a0<a href=\"http:\/\/sanjosedepoalo.gob.ec\/cotopaxi\/wp-content\/uploads\/2014\/10\/E-FLUJO-DELEFECTIVO_2013.pdf\">E-FLUJO DELEFECTIVO_2013<\/a>\u00a0 \u00a0 \u00a0\u00a0<a href=\"http:\/\/sanjosedepoalo.gob.ec\/cotopaxi\/wp-content\/uploads\/2014\/10\/EJECUCIONPRESUPUESTARIA_2013.pdf\">EJECUCIONPRESUPUESTARIA_2013<\/a>\u00a0 \u00a0 \u00a0\u00a0<a href=\"http:\/\/sanjosedepoalo.gob.ec\/cotopaxi\/wp-content\/uploads\/2014\/10\/Estado-de-resultado-2013.pdf\">Estado de resultado 2013<\/a>\u00a0 \u00a0 \u00a0 <a href=\"http:\/\/sanjosedepoalo.gob.ec\/cotopaxi\/wp-content\/uploads\/2014\/10\/Estado-de-situacion-financiera-2013.pdf\">Estado de situacion financiera 2013<\/a>\u00a0 \u00a0 \u00a0\u00a0<a href=\"http:\/\/sanjosedepoalo.gob.ec\/cotopaxi\/wp-content\/uploads\/2014\/10\/GASTOS-CORRIENTES-DEL-A\u00d1O-2012.docx\">GASTOS CORRIENTES DEL A\u00d1O 2012<\/a>\u00a0 \u00a0 \u00a0\u00a0<a href=\"http:\/\/sanjosedepoalo.gob.ec\/cotopaxi\/wp-content\/uploads\/2014\/10\/PRESUPUESTO-PRORRUGADO-2014.pdf\">PRESUPUESTO PRORRUGADO 2014<\/a><\/p>\n<p style=\"text-align: justify;\"><strong>h) Auditorias Internas<\/strong><br \/>\nLos resultados de las auditorias internas y gubernamentales al ejercicio presupuestal.<\/p>\n<p style=\"text-align: justify;\"><strong>i) Procesos de Contrataci\u00f3n<\/strong><br \/>\nInformaci\u00f3n completa y detallada sobre los procesos pree-contractuales, contractuales, de adjudicaci\u00f3n y liquidaci\u00f3n de bienes, prestaci\u00f3n de servicios, arrendamientos mercantiles, etc, celebrados por la instituci\u00f3n con personas naturales o jur\u00eddicas, incluidos concesiones permisos o autorizaciones.<\/p>\n<p style=\"text-align: justify;\"><strong>j) Incumplimientos<\/strong><br \/>\nUn listado de las empresas que han incumplido contratos con dicha instituci\u00f3n.<\/p>\n<p style=\"text-align: justify;\"><strong>k) Planes y Programas<\/strong><br \/>\nPlanes y Programas de la Instituci\u00f3n en ejecuci\u00f3n.<\/p>\n<p style=\"text-align: justify;\"><a href=\"http:\/\/sanjosedepoalo.gob.ec\/cotopaxi\/wp-content\/uploads\/2014\/10\/BasesDelConcurso-1.pdf\">BasesDelConcurso (1)<\/a>\u00a0 \u00a0 \u00a0<a href=\"http:\/\/sanjosedepoalo.gob.ec\/cotopaxi\/wp-content\/uploads\/2014\/10\/PLANIFICACION-2014.pdf\">PLANIFICACION 2014<\/a>\u00a0 \u00a0 \u00a0\u00a0<a href=\"http:\/\/sanjosedepoalo.gob.ec\/cotopaxi\/wp-content\/uploads\/2014\/10\/PLANIFICACION-PARROQUIAL.docx\">PLANIFICACION PARROQUIAL<\/a>\u00a0 \u00a0 \u00a0\u00a0<a href=\"http:\/\/sanjosedepoalo.gob.ec\/cotopaxi\/wp-content\/uploads\/2014\/10\/PLANIFICACION.docx\">PLANIFICACION<\/a>\u00a0 \u00a0 \u00a0\u00a0<a href=\"http:\/\/sanjosedepoalo.gob.ec\/cotopaxi\/wp-content\/uploads\/2014\/10\/INFORME-GAD-POALO-2013.docx\">INFORME GAD POALO 2013<\/a><\/p>\n<p style=\"text-align: justify;\"><strong>l) Financiamiento Interno y Externo<\/strong><br \/>\nEl detalle de los contratos de cr\u00e9dito externos o internos; se se\u00f1alar\u00e1 la fuente de los fondos con los que se pagar\u00e1n esos cr\u00e9ditos. Cuando se trate de prestamos o \u00a0contratos de financiamiento, se har\u00e1 constar, como lo prev\u00e9 la Ley Org\u00e1nica de Administraci\u00f3n Financiera y Control, Ley Org\u00e1nica de Contralor\u00eda General del Estado y la Ley Org\u00e1nica de Responsabilidad y Transparencia Fiscal, las operaciones y contratos de Cr\u00e9dito, los montos, plazo, costos financieros o tipos de inter\u00e9s.<\/p>\n<p style=\"text-align: justify;\"><strong>m) Rendici\u00f3n de Cuentas<\/strong><br \/>\nMecanismos de rendici\u00f3n de cuentas a la ciudadan\u00eda, tales como metas e informes de gesti\u00f2n e indicadores de desempe\u00f1o.<\/p>\n<p style=\"text-align: justify;\"><a href=\"http:\/\/sanjosedepoalo.gob.ec\/cotopaxi\/wp-content\/uploads\/2014\/10\/ACTIVIDADES-DESARROLLADAS-EN-LOS-A\u00d1OS-2012-2013.docx\">ACTIVIDADES DESARROLLADAS EN LOS A\u00d1OS 2012-2013<\/a>\u00a0 \u00a0 \u00a0<a href=\"http:\/\/sanjosedepoalo.gob.ec\/cotopaxi\/wp-content\/uploads\/2014\/10\/INFORME-DEL-GAD-POALO-2013.docx\">INFORME DEL GAD POALO 2013<\/a><\/p>\n<p style=\"text-align: justify;\"><strong>n) Gesti\u00f3n Institucional<\/strong><br \/>\nLos vi\u00e1ticos, informes de trabajo y justificativos de movilizaci\u00f3n nacional o internacional \u00a0de las autoridades, dignatarios y funcionarios p\u00f9blicos.<\/p>\n<p style=\"text-align: justify;\"><strong>o) Responsable de la Informaci\u00f3n<\/strong><br \/>\nEl nombre, direcci\u00f3n de la oficina, apartado postal y direcci\u00f3n electr\u00f3nica del responsable de atender la informaci\u00f3n p\u00fablica de que trata esta ley.<\/p>\n<p style=\"text-align: justify;\"><strong>s) Organismos Seccionales<\/strong><br \/>\nLos organismos seccionales, informar\u00e1n oportunamente a la ciudadan\u00eca de las resoluciones que adoptaren, mediante la publicaci\u00f3n de las actas de las respectivas sesiones de estos cuerpos colegiados, as\u00ed como sus planes de desarrollo local<\/p>\n<p style=\"text-align: justify;\"><a href=\"http:\/\/sanjosedepoalo.gob.ec\/cotopaxi\/wp-content\/uploads\/2014\/10\/ASISTENCIA-A-SESIONES.xlsx\">ASISTENCIA A SESIONES<\/a>\u00a0 \u00a0 \u00a0<a href=\"http:\/\/sanjosedepoalo.gob.ec\/cotopaxi\/wp-content\/uploads\/2014\/10\/RESUMEN_PDOT_POALO_FINAL.pdf\">RESUMEN_PDOT_POALO_FINAL<\/a>\u00a0 \u00a0 \u00a0\u00a0<a href=\"http:\/\/sanjosedepoalo.gob.ec\/cotopaxi\/wp-content\/uploads\/2014\/10\/PDOT-Poalo.zip\">PDOT Poalo<\/a><\/p>\n","protected":false},"excerpt":{"rendered":"<p>Art. 7.- Difusi\u00f3n de la Informaci\u00f3n P\u00fablica.- Por la transparencia en la gesti\u00f3n administrativa que est\u00e1n obligadas a observar todas las instituciones del Estado que conforman el sector p\u00fablico en los t\u00e9rminos del art\u00edculo 118 de la Constituci\u00f3n Pol\u00edtica de la Rep\u00fablica y dem\u00e1s entes se\u00f1alados en el art\u00edculo 1 de la presente Ley, difundir\u00e1n [&hellip;]<\/p>\n","protected":false},"author":1,"featured_media":0,"parent":0,"menu_order":0,"comment_status":"closed","ping_status":"closed","template":"","meta":{"footnotes":""},"yst_prominent_words":[],"class_list":["post-54","page","type-page","status-publish","hentry"],"_links":{"self":[{"href":"https:\/\/sanjosedepoalo.gob.ec\/cotopaxi\/wp-json\/wp\/v2\/pages\/54","targetHints":{"allow":["GET"]}}],"collection":[{"href":"https:\/\/sanjosedepoalo.gob.ec\/cotopaxi\/wp-json\/wp\/v2\/pages"}],"about":[{"href":"https:\/\/sanjosedepoalo.gob.ec\/cotopaxi\/wp-json\/wp\/v2\/types\/page"}],"author":[{"embeddable":true,"href":"https:\/\/sanjosedepoalo.gob.ec\/cotopaxi\/wp-json\/wp\/v2\/users\/1"}],"replies":[{"embeddable":true,"href":"https:\/\/sanjosedepoalo.gob.ec\/cotopaxi\/wp-json\/wp\/v2\/comments?post=54"}],"version-history":[{"count":3,"href":"https:\/\/sanjosedepoalo.gob.ec\/cotopaxi\/wp-json\/wp\/v2\/pages\/54\/revisions"}],"predecessor-version":[{"id":188,"href":"https:\/\/sanjosedepoalo.gob.ec\/cotopaxi\/wp-json\/wp\/v2\/pages\/54\/revisions\/188"}],"wp:attachment":[{"href":"https:\/\/sanjosedepoalo.gob.ec\/cotopaxi\/wp-json\/wp\/v2\/media?parent=54"}],"wp:term":[{"taxonomy":"yst_prominent_words","embeddable":true,"href":"https:\/\/sanjosedepoalo.gob.ec\/cotopaxi\/wp-json\/wp\/v2\/yst_prominent_words?post=54"}],"curies":[{"name":"wp","href":"https:\/\/api.w.org\/{rel}","templated":true}]}}